{"id":19,"date":"2026-04-14T12:58:22","date_gmt":"2026-04-14T10:58:22","guid":{"rendered":"https:\/\/www.ak-zabenska.cz\/?page_id=19"},"modified":"2026-04-14T12:58:22","modified_gmt":"2026-04-14T10:58:22","slug":"o-nas","status":"publish","type":"page","link":"https:\/\/www.ak-zabenska.cz\/?page_id=19","title":{"rendered":"O n\u00e1s"},"content":{"rendered":"\n<p>Advok\u00e1tn\u00ed kancel\u00e1\u0159 AK \u017dabensk\u00e1 je modern\u00ed pr\u00e1vn\u00ed kancel\u00e1\u0159 poskytuj\u00edc\u00ed komplexn\u00ed pr\u00e1vn\u00ed slu\u017eby fyzick\u00fdm osob\u00e1m i podnikatel\u016fm. Jej\u00ed \u010dinnost je postavena na odbornosti, individu\u00e1ln\u00edm p\u0159\u00edstupu ke klient\u016fm a d\u016frazu na praktick\u00e1, srozumiteln\u00e1 a efektivn\u00ed \u0159e\u0161en\u00ed pr\u00e1vn\u00edch ot\u00e1zek.<\/p>\n\n\n\n<p>Kancel\u00e1\u0159 se zam\u011b\u0159uje zejm\u00e9na na oblast ob\u010dansk\u00e9ho a obchodn\u00edho pr\u00e1va, p\u0159i\u010dem\u017e klient\u016fm poskytuje podporu jak p\u0159i b\u011b\u017en\u00e9 pr\u00e1vn\u00ed agend\u011b, tak p\u0159i \u0159e\u0161en\u00ed slo\u017eit\u011bj\u0161\u00edch pr\u00e1vn\u00edch situac\u00ed. Samoz\u0159ejmost\u00ed je p\u0159\u00edprava a revize smluvn\u00ed dokumentace, pr\u00e1vn\u00ed poradenstv\u00ed p\u0159i podnik\u00e1n\u00ed, \u0159e\u0161en\u00ed z\u00e1vazkov\u00fdch vztah\u016f i zastupov\u00e1n\u00ed v soudn\u00edch \u0159\u00edzen\u00edch. D\u016fle\u017eitou sou\u010d\u00e1st\u00ed poskytovan\u00fdch slu\u017eeb je tak\u00e9 prevence spor\u016f prost\u0159ednictv\u00edm kvalitn\u011b nastaven\u00fdch smluvn\u00edch vztah\u016f a pr\u00e1vn\u00edch proces\u016f.<\/p>\n\n\n\n<p>AK \u017dabensk\u00e1 klade d\u016fraz na dlouhodobou spolupr\u00e1ci s klienty a budov\u00e1n\u00ed vz\u00e1jemn\u00e9 d\u016fv\u011bry. Ka\u017ed\u00fd p\u0159\u00edpad je \u0159e\u0161en s ohledem na jeho specifika, s c\u00edlem naj\u00edt co nejvhodn\u011bj\u0161\u00ed postup odpov\u00eddaj\u00edc\u00ed pot\u0159eb\u00e1m klienta. Kancel\u00e1\u0159 usiluje o to, aby pr\u00e1vn\u00ed slu\u017eby byly nejen odborn\u011b precizn\u00ed, ale z\u00e1rove\u0148 i srozumiteln\u00e9 a prakticky vyu\u017eiteln\u00e9.<\/p>\n\n\n\n<p>P\u0159\u00edstup kancel\u00e1\u0159e je charakteristick\u00fd pe\u010dlivost\u00ed, d\u016fslednost\u00ed a orientac\u00ed na v\u00fdsledek. D\u00edky kombinaci pr\u00e1vn\u00ed expertizy a porozum\u011bn\u00ed pot\u0159eb\u00e1m klient\u016f poskytuje AK \u017dabensk\u00e1 stabiln\u00ed a spolehliv\u00e9 z\u00e1zem\u00ed pro \u0159e\u0161en\u00ed pr\u00e1vn\u00edch z\u00e1le\u017eitost\u00ed v r\u016fzn\u00fdch oblastech soukrom\u00e9ho pr\u00e1va.<\/p>\n","protected":false},"excerpt":{"rendered":"<p>Advok\u00e1tn\u00ed kancel\u00e1\u0159 AK \u017dabensk\u00e1 je modern\u00ed pr\u00e1vn\u00ed kancel\u00e1\u0159 poskytuj\u00edc\u00ed komplexn\u00ed pr\u00e1vn\u00ed slu\u017eby fyzick\u00fdm osob\u00e1m i podnikatel\u016fm. Jej\u00ed \u010dinnost je postavena na odbornosti, individu\u00e1ln\u00edm p\u0159\u00edstupu ke klient\u016fm a d\u016frazu na praktick\u00e1, srozumiteln\u00e1 a efektivn\u00ed \u0159e\u0161en\u00ed pr\u00e1vn\u00edch ot\u00e1zek. Kancel\u00e1\u0159 se zam\u011b\u0159uje zejm\u00e9na na oblast ob\u010dansk\u00e9ho a obchodn\u00edho pr\u00e1va, p\u0159i\u010dem\u017e klient\u016fm poskytuje podporu jak p\u0159i b\u011b\u017en\u00e9 pr\u00e1vn\u00ed agend\u011b, [&hellip;]<\/p>\n","protected":false},"author":1,"featured_media":0,"parent":0,"menu_order":0,"comment_status":"closed","ping_status":"closed","template":"","meta":{"footnotes":""},"class_list":["post-19","page","type-page","status-publish","hentry"],"_links":{"self":[{"href":"https:\/\/www.ak-zabenska.cz\/index.php?rest_route=\/wp\/v2\/pages\/19","targetHints":{"allow":["GET"]}}],"collection":[{"href":"https:\/\/www.ak-zabenska.cz\/index.php?rest_route=\/wp\/v2\/pages"}],"about":[{"href":"https:\/\/www.ak-zabenska.cz\/index.php?rest_route=\/wp\/v2\/types\/page"}],"author":[{"embeddable":true,"href":"https:\/\/www.ak-zabenska.cz\/index.php?rest_route=\/wp\/v2\/users\/1"}],"replies":[{"embeddable":true,"href":"https:\/\/www.ak-zabenska.cz\/index.php?rest_route=%2Fwp%2Fv2%2Fcomments&post=19"}],"version-history":[{"count":1,"href":"https:\/\/www.ak-zabenska.cz\/index.php?rest_route=\/wp\/v2\/pages\/19\/revisions"}],"predecessor-version":[{"id":20,"href":"https:\/\/www.ak-zabenska.cz\/index.php?rest_route=\/wp\/v2\/pages\/19\/revisions\/20"}],"wp:attachment":[{"href":"https:\/\/www.ak-zabenska.cz\/index.php?rest_route=%2Fwp%2Fv2%2Fmedia&parent=19"}],"curies":[{"name":"wp","href":"https:\/\/api.w.org\/{rel}","templated":true}]}}