{"id":2,"date":"2026-04-07T12:40:31","date_gmt":"2026-04-07T10:40:31","guid":{"rendered":"https:\/\/www.ak-zabenska.cz\/?page_id=2"},"modified":"2026-04-14T12:49:10","modified_gmt":"2026-04-14T10:49:10","slug":"specializace","status":"publish","type":"page","link":"https:\/\/www.ak-zabenska.cz\/?page_id=2","title":{"rendered":"Specializace"},"content":{"rendered":"\n<p>JUDr. Sv\u011btlana \u017dabensk\u00e1, zakladatelka advok\u00e1tn\u00ed kancel\u00e1\u0159e AK \u017dabensk\u00e1, poskytuje komplexn\u00ed pr\u00e1vn\u00ed slu\u017eby se zam\u011b\u0159en\u00edm zejm\u00e9na na ob\u010dansk\u00e9 a obchodn\u00ed pr\u00e1vo, p\u0159i\u010dem\u017e d\u016fraz klade na praktick\u00e1 a efektivn\u00ed \u0159e\u0161en\u00ed odpov\u00eddaj\u00edc\u00ed individu\u00e1ln\u00edm pot\u0159eb\u00e1m klient\u016f.<\/p>\n\n\n\n<p>V oblasti <strong>ob\u010dansk\u00e9ho pr\u00e1va<\/strong> se v\u011bnuje p\u0159edev\u0161\u00edm z\u00e1vazkov\u00fdm vztah\u016fm, tedy p\u0159\u00edprav\u011b a revizi smluv (nap\u0159. kupn\u00edch, n\u00e1jemn\u00edch, smluv o d\u00edlo \u010di o poskytov\u00e1n\u00ed slu\u017eeb), d\u00e1le pr\u00e1vu nemovitost\u00ed v\u010detn\u011b p\u0159evod\u016f vlastnick\u00e9ho pr\u00e1va a souvisej\u00edc\u00ed agendy, a rovn\u011b\u017e ochran\u011b pr\u00e1v klient\u016f v r\u00e1mci spor\u016f o n\u00e1hradu \u0161kody \u010di bezd\u016fvodn\u00e9 obohacen\u00ed. Sou\u010d\u00e1st\u00ed jej\u00ed praxe je tak\u00e9 zastupov\u00e1n\u00ed klient\u016f v soudn\u00edch \u0159\u00edzen\u00edch a poskytov\u00e1n\u00ed poradenstv\u00ed p\u0159i mimosoudn\u00edm \u0159e\u0161en\u00ed spor\u016f.<\/p>\n\n\n\n<p>V r\u00e1mci <strong>obchodn\u00edho pr\u00e1va<\/strong> se zam\u011b\u0159uje na pr\u00e1vn\u00ed podporu podnikatel\u016f a obchodn\u00edch spole\u010dnost\u00ed v pr\u016fb\u011bhu cel\u00e9ho jejich podnik\u00e1n\u00ed. Poskytuje poradenstv\u00ed p\u0159i zakl\u00e1d\u00e1n\u00ed a zm\u011bn\u00e1ch obchodn\u00edch korporac\u00ed, nastavov\u00e1n\u00ed vnit\u0159n\u00edch vztah\u016f mezi spole\u010dn\u00edky, p\u0159\u00edprav\u011b obchodn\u00edch smluv a \u0159e\u0161en\u00ed obchodn\u00edch z\u00e1vazkov\u00fdch vztah\u016f. V\u00fdznamnou sou\u010d\u00e1st\u00ed jej\u00ed specializace je tak\u00e9 prevence pr\u00e1vn\u00edch rizik prost\u0159ednictv\u00edm systematick\u00e9ho nastaven\u00ed smluvn\u00ed dokumentace a intern\u00edch proces\u016f.<\/p>\n\n\n\n<p>Celkov\u011b je jej\u00ed praxe postavena na kombinaci odbornosti, individu\u00e1ln\u00edho p\u0159\u00edstupu a orientace na efektivn\u00ed a prakticky vyu\u017eiteln\u00e1 \u0159e\u0161en\u00ed pr\u00e1vn\u00edch probl\u00e9m\u016f.<\/p>\n","protected":false},"excerpt":{"rendered":"<p>JUDr. Sv\u011btlana \u017dabensk\u00e1, zakladatelka advok\u00e1tn\u00ed kancel\u00e1\u0159e AK \u017dabensk\u00e1, poskytuje komplexn\u00ed pr\u00e1vn\u00ed slu\u017eby se zam\u011b\u0159en\u00edm zejm\u00e9na na ob\u010dansk\u00e9 a obchodn\u00ed pr\u00e1vo, p\u0159i\u010dem\u017e d\u016fraz klade na praktick\u00e1 a efektivn\u00ed \u0159e\u0161en\u00ed odpov\u00eddaj\u00edc\u00ed individu\u00e1ln\u00edm pot\u0159eb\u00e1m klient\u016f. V oblasti ob\u010dansk\u00e9ho pr\u00e1va se v\u011bnuje p\u0159edev\u0161\u00edm z\u00e1vazkov\u00fdm vztah\u016fm, tedy p\u0159\u00edprav\u011b a revizi smluv (nap\u0159. kupn\u00edch, n\u00e1jemn\u00edch, smluv o d\u00edlo \u010di o poskytov\u00e1n\u00ed [&hellip;]<\/p>\n","protected":false},"author":1,"featured_media":0,"parent":0,"menu_order":0,"comment_status":"closed","ping_status":"closed","template":"","meta":{"footnotes":""},"class_list":["post-2","page","type-page","status-publish","hentry"],"_links":{"self":[{"href":"https:\/\/www.ak-zabenska.cz\/index.php?rest_route=\/wp\/v2\/pages\/2","targetHints":{"allow":["GET"]}}],"collection":[{"href":"https:\/\/www.ak-zabenska.cz\/index.php?rest_route=\/wp\/v2\/pages"}],"about":[{"href":"https:\/\/www.ak-zabenska.cz\/index.php?rest_route=\/wp\/v2\/types\/page"}],"author":[{"embeddable":true,"href":"https:\/\/www.ak-zabenska.cz\/index.php?rest_route=\/wp\/v2\/users\/1"}],"replies":[{"embeddable":true,"href":"https:\/\/www.ak-zabenska.cz\/index.php?rest_route=%2Fwp%2Fv2%2Fcomments&post=2"}],"version-history":[{"count":1,"href":"https:\/\/www.ak-zabenska.cz\/index.php?rest_route=\/wp\/v2\/pages\/2\/revisions"}],"predecessor-version":[{"id":18,"href":"https:\/\/www.ak-zabenska.cz\/index.php?rest_route=\/wp\/v2\/pages\/2\/revisions\/18"}],"wp:attachment":[{"href":"https:\/\/www.ak-zabenska.cz\/index.php?rest_route=%2Fwp%2Fv2%2Fmedia&parent=2"}],"curies":[{"name":"wp","href":"https:\/\/api.w.org\/{rel}","templated":true}]}}